{"id":10264,"date":"2024-03-27T15:25:44","date_gmt":"2024-03-27T12:25:44","guid":{"rendered":"https:\/\/karavox.com\/?post_type=product&#038;p=10264"},"modified":"2025-01-23T11:50:08","modified_gmt":"2025-01-23T08:50:08","slug":"what-is-light-v1","status":"publish","type":"product","link":"https:\/\/karavox.com\/en\/urun\/what-is-light-v1\/","title":{"rendered":"What is light? V1"},"content":{"rendered":"<p>I\u015f\u0131\u011fa anlam y\u00fckleme e\u011filimimiz vard\u0131r de\u011fil mi? I\u015f\u0131k her zaman iyi taraftad\u0131r, her zaman kurtar\u0131c\u0131d\u0131r. Bu eser ile bu\u011fulu ve k\u0131r\u0131lm\u0131\u015f bir cam\u0131n arkas\u0131ndan s\u0131zan \u0131\u015f\u0131k h\u00fczmesi hayalini yakalamak istedim. Ne oldu\u011fu tam olarak g\u00f6remedi\u011fimiz, ger\u00e7ekten iyi mi yoksa k\u00f6t\u00fc m\u00fc ay\u0131ramad\u0131\u011f\u0131m\u0131z, belli belirsiz bir \u0131\u015f\u0131k h\u00fczmesi. Sizce \u0131\u015f\u0131k ne?<\/p>\n<p>We tend to attribute meaning to light as humans. The light is always on the good side, always the savior. In this artwork, I wanted to imagine a beam of light leaking from behind a foggy and shattered glass. It is an ambiguous beam of light that we cannot exactly see what it is. This feeling is what I intended to capture in this series of artworks.<\/p>\n","protected":false},"excerpt":{"rendered":"<p><img loading=\"lazy\" decoding=\"async\" src=\"https:\/\/karavox.com\/en\/wp-content\/uploads\/2024\/02\/Adsiz_Resim-10-400x58.png\" alt=\"\" width=\"400\" height=\"58\" class=\"alignnone size-medium wp-image-9874\" \/><\/p>\n<p>\u00d6zel Koleksiyon eserlerinden &#8221;What is light?&#8221; tablosu tek edisyonlu \u00e7al\u0131\u015fmalardand\u0131r. Tuvalin arkas\u0131nda Nihan Yapar Yal\u00e7\u0131n imzas\u0131 ve sertifikas\u0131 bulunur.<\/p>\n<p><a href=\"https:\/\/karavox.com\/en\/bize-ulasin\/\"> Benzer \u00e7al\u0131\u015fmalar i\u00e7in bize ula\u015f\u0131n <strong>bize ula\u015f\u0131n.<\/strong><\/a><\/p>\n","protected":false},"featured_media":10265,"comment_status":"open","ping_status":"closed","template":"","meta":[],"product_brand":[],"product_cat":[42],"product_tag":[],"class_list":{"0":"post-10264","1":"product","2":"type-product","3":"status-publish","4":"has-post-thumbnail","6":"product_cat-exclusive-artworks","8":"first","9":"onbackorder","10":"shipping-taxable","11":"product-type-simple"},"_links":{"self":[{"href":"https:\/\/karavox.com\/en\/wp-json\/wp\/v2\/product\/10264","targetHints":{"allow":["GET"]}}],"collection":[{"href":"https:\/\/karavox.com\/en\/wp-json\/wp\/v2\/product"}],"about":[{"href":"https:\/\/karavox.com\/en\/wp-json\/wp\/v2\/types\/product"}],"replies":[{"embeddable":true,"href":"https:\/\/karavox.com\/en\/wp-json\/wp\/v2\/comments?post=10264"}],"wp:featuredmedia":[{"embeddable":true,"href":"https:\/\/karavox.com\/en\/wp-json\/wp\/v2\/media\/10265"}],"wp:attachment":[{"href":"https:\/\/karavox.com\/en\/wp-json\/wp\/v2\/media?parent=10264"}],"wp:term":[{"taxonomy":"product_brand","embeddable":true,"href":"https:\/\/karavox.com\/en\/wp-json\/wp\/v2\/product_brand?post=10264"},{"taxonomy":"product_cat","embeddable":true,"href":"https:\/\/karavox.com\/en\/wp-json\/wp\/v2\/product_cat?post=10264"},{"taxonomy":"product_tag","embeddable":true,"href":"https:\/\/karavox.com\/en\/wp-json\/wp\/v2\/product_tag?post=10264"}],"curies":[{"name":"wp","href":"https:\/\/api.w.org\/{rel}","templated":true}]}}