{"id":10303,"date":"2024-05-23T14:35:56","date_gmt":"2024-05-23T11:35:56","guid":{"rendered":"https:\/\/karavox.com\/?post_type=product&#038;p=10303"},"modified":"2025-01-23T11:36:24","modified_gmt":"2025-01-23T08:36:24","slug":"chained-boundaries","status":"publish","type":"product","link":"https:\/\/karavox.com\/en\/urun\/chained-boundaries\/","title":{"rendered":"Chained Boundaries"},"content":{"rendered":"<p>Boundaries evolve into points where you make compromises. This sensation captivated me in this painting. Your borders are not as fixed as you might think, and the existence of other borders proves this. The bottom and top parts of the painting appear as though they were cut and pasted from elsewhere. Both sides represent segments of a chain, striving to connect despite their inherent differences. Building on the concepts of uncertainty and light, I employed a distinctive technique in this painting to explore how complex, ambiguous, and overlapping beams of light, with their clearly defined boundaries, come together to form a unified whole. As the light beams shift, elements of uncertainty transform into another reality through the interplay of boundaries and chains.<\/p>\n","protected":false},"excerpt":{"rendered":"<p>\u00d6zel Koleksiyon eserlerinden &#8221;Chained Boundaries&#8221; tablosu tek edisyonlu \u00e7al\u0131\u015fmalardand\u0131r. Tuvalin arkas\u0131nda Nihan Yapar Yal\u00e7\u0131n imzas\u0131 ve sertifikas\u0131 bulunur. Bu eser ah\u015fap \u00e7er\u00e7evesi ile birlikte sat\u0131l\u0131r.<\/p>\n<p><a href=\"https:\/\/karavox.com\/en\/bize-ulasin\/\">Bu esere sahip olmak i\u00e7in <strong>bize ula\u015f\u0131n.<\/strong><\/a><\/p>\n","protected":false},"featured_media":10340,"comment_status":"open","ping_status":"closed","template":"","meta":[],"product_brand":[],"product_cat":[42],"product_tag":[],"class_list":{"0":"post-10303","1":"product","2":"type-product","3":"status-publish","4":"has-post-thumbnail","6":"product_cat-exclusive-artworks","8":"first","9":"onbackorder","10":"shipping-taxable","11":"product-type-simple"},"_links":{"self":[{"href":"https:\/\/karavox.com\/en\/wp-json\/wp\/v2\/product\/10303","targetHints":{"allow":["GET"]}}],"collection":[{"href":"https:\/\/karavox.com\/en\/wp-json\/wp\/v2\/product"}],"about":[{"href":"https:\/\/karavox.com\/en\/wp-json\/wp\/v2\/types\/product"}],"replies":[{"embeddable":true,"href":"https:\/\/karavox.com\/en\/wp-json\/wp\/v2\/comments?post=10303"}],"wp:featuredmedia":[{"embeddable":true,"href":"https:\/\/karavox.com\/en\/wp-json\/wp\/v2\/media\/10340"}],"wp:attachment":[{"href":"https:\/\/karavox.com\/en\/wp-json\/wp\/v2\/media?parent=10303"}],"wp:term":[{"taxonomy":"product_brand","embeddable":true,"href":"https:\/\/karavox.com\/en\/wp-json\/wp\/v2\/product_brand?post=10303"},{"taxonomy":"product_cat","embeddable":true,"href":"https:\/\/karavox.com\/en\/wp-json\/wp\/v2\/product_cat?post=10303"},{"taxonomy":"product_tag","embeddable":true,"href":"https:\/\/karavox.com\/en\/wp-json\/wp\/v2\/product_tag?post=10303"}],"curies":[{"name":"wp","href":"https:\/\/api.w.org\/{rel}","templated":true}]}}