{"id":10335,"date":"2025-01-23T11:24:33","date_gmt":"2025-01-23T08:24:33","guid":{"rendered":"https:\/\/karavox.com\/?post_type=product&#038;p=10335"},"modified":"2025-01-23T11:28:45","modified_gmt":"2025-01-23T08:28:45","slug":"unchained","status":"publish","type":"product","link":"https:\/\/karavox.com\/en\/urun\/unchained\/","title":{"rendered":"Unchained"},"content":{"rendered":"<p>In this artwork, I depicted a broken chain, with each link drifting in different directions. Both sides represent segments of the chain, each with its own distinct boundaries and colors. Drawing on the concepts of uncertainty and light, I employed a unique technique to explore how complex, ambiguous, and overlapping beams of light\u2014despite their clearly defined boundaries\u2014come together to form a whole, even in a state of brokenness. As the light shifts, elements of uncertainty transform into a new reality through the interplay of boundaries and chains.<\/p>\n","protected":false},"excerpt":{"rendered":"<p>\u00d6zel Koleksiyon eserlerinden &#8221;Unchained&#8221; tablosu tek edisyonlu \u00e7al\u0131\u015fmalardand\u0131r. Tuvalin arkas\u0131nda Nihan Yapar Yal\u00e7\u0131n imzas\u0131 ve sertifikas\u0131 bulunur. Bu eser ah\u015fap \u00e7er\u00e7evesi ile birlikte sat\u0131l\u0131r.<\/p>\n<p><a href=\"https:\/\/karavox.com\/en\/bize-ulasin\/\">Bu esere sahip olmak i\u00e7in <strong>bize ula\u015f\u0131n.<\/strong><\/a><\/p>\n","protected":false},"featured_media":10337,"comment_status":"open","ping_status":"closed","template":"","meta":[],"product_brand":[],"product_cat":[42],"product_tag":[],"class_list":{"0":"post-10335","1":"product","2":"type-product","3":"status-publish","4":"has-post-thumbnail","6":"product_cat-exclusive-artworks","8":"first","9":"onbackorder","10":"shipping-taxable","11":"product-type-simple"},"_links":{"self":[{"href":"https:\/\/karavox.com\/en\/wp-json\/wp\/v2\/product\/10335","targetHints":{"allow":["GET"]}}],"collection":[{"href":"https:\/\/karavox.com\/en\/wp-json\/wp\/v2\/product"}],"about":[{"href":"https:\/\/karavox.com\/en\/wp-json\/wp\/v2\/types\/product"}],"replies":[{"embeddable":true,"href":"https:\/\/karavox.com\/en\/wp-json\/wp\/v2\/comments?post=10335"}],"wp:featuredmedia":[{"embeddable":true,"href":"https:\/\/karavox.com\/en\/wp-json\/wp\/v2\/media\/10337"}],"wp:attachment":[{"href":"https:\/\/karavox.com\/en\/wp-json\/wp\/v2\/media?parent=10335"}],"wp:term":[{"taxonomy":"product_brand","embeddable":true,"href":"https:\/\/karavox.com\/en\/wp-json\/wp\/v2\/product_brand?post=10335"},{"taxonomy":"product_cat","embeddable":true,"href":"https:\/\/karavox.com\/en\/wp-json\/wp\/v2\/product_cat?post=10335"},{"taxonomy":"product_tag","embeddable":true,"href":"https:\/\/karavox.com\/en\/wp-json\/wp\/v2\/product_tag?post=10335"}],"curies":[{"name":"wp","href":"https:\/\/api.w.org\/{rel}","templated":true}]}}