{"id":10350,"date":"2025-01-23T11:50:25","date_gmt":"2025-01-23T08:50:25","guid":{"rendered":"https:\/\/karavox.com\/?post_type=product&#038;p=10350"},"modified":"2025-01-23T11:52:57","modified_gmt":"2025-01-23T08:52:57","slug":"shattered-greens","status":"publish","type":"product","link":"https:\/\/karavox.com\/en\/urun\/shattered-greens\/","title":{"rendered":"Shattered Greens"},"content":{"rendered":"<p>Building on the concepts of uncertainty and light, I employed a distinctive technique in this painting to explore how complex, ambiguous, and overlapping beams of light, with their clearly defined boundaries, come together to form a unified whole. In this particular piece, I intentionally used tones of green to symbolize how claims of environmental action are often out of our control, creating uncertainty about the future of the planet and the true actors behind the scenes, hidden by governments and corporate PR campaigns.<\/p>\n","protected":false},"excerpt":{"rendered":"<p><img loading=\"lazy\" decoding=\"async\" src=\"https:\/\/karavox.com\/en\/wp-content\/uploads\/2024\/02\/Adsiz_Resim-10-400x58.png\" alt=\"\" width=\"400\" height=\"58\" class=\"alignnone size-medium wp-image-9874\" \/><\/p>\n<p>\u00d6zel Koleksiyon eserlerinden &#8221;Shattered Greens&#8221; tablosu tek edisyonlu \u00e7al\u0131\u015fmalardand\u0131r. Tuvalin arkas\u0131nda Nihan Yapar Yal\u00e7\u0131n imzas\u0131 ve sertifikas\u0131 bulunur.<\/p>\n<p><a href=\"https:\/\/karavox.com\/en\/bize-ulasin\/\"> Benzer \u00e7al\u0131\u015fmalar i\u00e7in bize ula\u015f\u0131n <strong>bize ula\u015f\u0131n.<\/strong><\/a><\/p>\n","protected":false},"featured_media":10351,"comment_status":"open","ping_status":"closed","template":"","meta":[],"product_brand":[],"product_cat":[42],"product_tag":[],"class_list":{"0":"post-10350","1":"product","2":"type-product","3":"status-publish","4":"has-post-thumbnail","6":"product_cat-exclusive-artworks","8":"first","9":"onbackorder","10":"shipping-taxable","11":"product-type-simple"},"_links":{"self":[{"href":"https:\/\/karavox.com\/en\/wp-json\/wp\/v2\/product\/10350","targetHints":{"allow":["GET"]}}],"collection":[{"href":"https:\/\/karavox.com\/en\/wp-json\/wp\/v2\/product"}],"about":[{"href":"https:\/\/karavox.com\/en\/wp-json\/wp\/v2\/types\/product"}],"replies":[{"embeddable":true,"href":"https:\/\/karavox.com\/en\/wp-json\/wp\/v2\/comments?post=10350"}],"wp:featuredmedia":[{"embeddable":true,"href":"https:\/\/karavox.com\/en\/wp-json\/wp\/v2\/media\/10351"}],"wp:attachment":[{"href":"https:\/\/karavox.com\/en\/wp-json\/wp\/v2\/media?parent=10350"}],"wp:term":[{"taxonomy":"product_brand","embeddable":true,"href":"https:\/\/karavox.com\/en\/wp-json\/wp\/v2\/product_brand?post=10350"},{"taxonomy":"product_cat","embeddable":true,"href":"https:\/\/karavox.com\/en\/wp-json\/wp\/v2\/product_cat?post=10350"},{"taxonomy":"product_tag","embeddable":true,"href":"https:\/\/karavox.com\/en\/wp-json\/wp\/v2\/product_tag?post=10350"}],"curies":[{"name":"wp","href":"https:\/\/api.w.org\/{rel}","templated":true}]}}