{"id":10355,"date":"2025-01-23T11:53:17","date_gmt":"2025-01-23T08:53:17","guid":{"rendered":"https:\/\/karavox.com\/?post_type=product&#038;p=10355"},"modified":"2025-01-23T11:56:48","modified_gmt":"2025-01-23T08:56:48","slug":"ruled-reds","status":"publish","type":"product","link":"https:\/\/karavox.com\/en\/urun\/ruled-reds\/","title":{"rendered":"Ruled Reds"},"content":{"rendered":"<p>Building on the concepts of uncertainty and light, I employed a distinctive technique in this painting to explore how complex, ambiguous, and overlapping beams of light, with their clearly defined boundaries, come together to form a unified whole. As light beams shift, elements of uncertainty transform into another reality. Reds turn into greens, and boundaries are crossed, defining the lines between worlds.<\/p>\n","protected":false},"excerpt":{"rendered":"<p>\u00d6zel Koleksiyon eserlerinden &#8221;Ruled Reds&#8221; tablosu tek edisyonlu \u00e7al\u0131\u015fmalardand\u0131r. Tuvalin arkas\u0131nda Nihan Yapar Yal\u00e7\u0131n imzas\u0131 ve sertifikas\u0131 bulunur.<\/p>\n<p><a href=\"https:\/\/karavox.com\/en\/bize-ulasin\/\"> Bu esere sahip olmak i\u00e7in bize ula\u015f\u0131n <strong>bize ula\u015f\u0131n.<\/strong><\/a><\/p>\n","protected":false},"featured_media":10356,"comment_status":"open","ping_status":"closed","template":"","meta":[],"product_brand":[],"product_cat":[42],"product_tag":[],"class_list":{"0":"post-10355","1":"product","2":"type-product","3":"status-publish","4":"has-post-thumbnail","6":"product_cat-exclusive-artworks","8":"first","9":"onbackorder","10":"shipping-taxable","11":"product-type-simple"},"_links":{"self":[{"href":"https:\/\/karavox.com\/en\/wp-json\/wp\/v2\/product\/10355","targetHints":{"allow":["GET"]}}],"collection":[{"href":"https:\/\/karavox.com\/en\/wp-json\/wp\/v2\/product"}],"about":[{"href":"https:\/\/karavox.com\/en\/wp-json\/wp\/v2\/types\/product"}],"replies":[{"embeddable":true,"href":"https:\/\/karavox.com\/en\/wp-json\/wp\/v2\/comments?post=10355"}],"wp:featuredmedia":[{"embeddable":true,"href":"https:\/\/karavox.com\/en\/wp-json\/wp\/v2\/media\/10356"}],"wp:attachment":[{"href":"https:\/\/karavox.com\/en\/wp-json\/wp\/v2\/media?parent=10355"}],"wp:term":[{"taxonomy":"product_brand","embeddable":true,"href":"https:\/\/karavox.com\/en\/wp-json\/wp\/v2\/product_brand?post=10355"},{"taxonomy":"product_cat","embeddable":true,"href":"https:\/\/karavox.com\/en\/wp-json\/wp\/v2\/product_cat?post=10355"},{"taxonomy":"product_tag","embeddable":true,"href":"https:\/\/karavox.com\/en\/wp-json\/wp\/v2\/product_tag?post=10355"}],"curies":[{"name":"wp","href":"https:\/\/api.w.org\/{rel}","templated":true}]}}