{"id":10372,"date":"2025-01-23T12:12:40","date_gmt":"2025-01-23T09:12:40","guid":{"rendered":"https:\/\/karavox.com\/?post_type=product&#038;p=10372"},"modified":"2025-01-23T12:14:46","modified_gmt":"2025-01-23T09:14:46","slug":"parasite-of-the-subjective-v3","status":"publish","type":"product","link":"https:\/\/karavox.com\/en\/urun\/parasite-of-the-subjective-v3\/","title":{"rendered":"Parasite of the Subjective V3"},"content":{"rendered":"<p>In this series of artworks titled &#8216;Parasite of the Subjective,&#8217; various types of squares, representing TV screens, explore the concept of squareness from their own limited perspective. While the media often imposes the illusion of a singular, unchanging reality, these artworks reveal that values presented as truth are always and only subjective. In other words, &#8216;Parasite of the Subjective&#8217; draws a curtain over us with its own version of the truth. Building on the concepts of uncertainty and light, I employed a distinctive technique to investigate how the idea of the square can be complex, ambiguous, and overlapping, with boundaries that are similar yet distinct. As the light beams shift, elements of uncertainty transform into another reality through the interplay of these so-called squares.<\/p>\n","protected":false},"excerpt":{"rendered":"<p><img loading=\"lazy\" decoding=\"async\" src=\"https:\/\/karavox.com\/en\/wp-content\/uploads\/2024\/02\/Adsiz_Resim-10-400x58.png\" alt=\"\" width=\"400\" height=\"58\" class=\"alignnone size-medium wp-image-9874\" \/><\/p>\n<p>\u00d6zel Koleksiyon eserlerinden &#8221;Parasite of the Subjective V3&#8221; tablosu tek edisyonlu \u00e7al\u0131\u015fmalardand\u0131r. Tuvalin arkas\u0131nda Nihan Yapar Yal\u00e7\u0131n imzas\u0131 ve sertifikas\u0131 bulunur.<\/p>\n<p><a href=\"https:\/\/karavox.com\/en\/bize-ulasin\/\"> Benzer \u00e7al\u0131\u015fmalar i\u00e7in bize ula\u015f\u0131n <strong>bize ula\u015f\u0131n.<\/strong><\/a><\/p>\n","protected":false},"featured_media":10373,"comment_status":"open","ping_status":"closed","template":"","meta":[],"product_brand":[],"product_cat":[42],"product_tag":[],"class_list":{"0":"post-10372","1":"product","2":"type-product","3":"status-publish","4":"has-post-thumbnail","6":"product_cat-exclusive-artworks","8":"first","9":"onbackorder","10":"shipping-taxable","11":"product-type-simple"},"_links":{"self":[{"href":"https:\/\/karavox.com\/en\/wp-json\/wp\/v2\/product\/10372","targetHints":{"allow":["GET"]}}],"collection":[{"href":"https:\/\/karavox.com\/en\/wp-json\/wp\/v2\/product"}],"about":[{"href":"https:\/\/karavox.com\/en\/wp-json\/wp\/v2\/types\/product"}],"replies":[{"embeddable":true,"href":"https:\/\/karavox.com\/en\/wp-json\/wp\/v2\/comments?post=10372"}],"wp:featuredmedia":[{"embeddable":true,"href":"https:\/\/karavox.com\/en\/wp-json\/wp\/v2\/media\/10373"}],"wp:attachment":[{"href":"https:\/\/karavox.com\/en\/wp-json\/wp\/v2\/media?parent=10372"}],"wp:term":[{"taxonomy":"product_brand","embeddable":true,"href":"https:\/\/karavox.com\/en\/wp-json\/wp\/v2\/product_brand?post=10372"},{"taxonomy":"product_cat","embeddable":true,"href":"https:\/\/karavox.com\/en\/wp-json\/wp\/v2\/product_cat?post=10372"},{"taxonomy":"product_tag","embeddable":true,"href":"https:\/\/karavox.com\/en\/wp-json\/wp\/v2\/product_tag?post=10372"}],"curies":[{"name":"wp","href":"https:\/\/api.w.org\/{rel}","templated":true}]}}