{"id":10395,"date":"2025-01-27T16:37:23","date_gmt":"2025-01-27T13:37:23","guid":{"rendered":"https:\/\/karavox.com\/?post_type=product&#038;p=10395"},"modified":"2025-01-27T16:38:20","modified_gmt":"2025-01-27T13:38:20","slug":"echoes-of-beams-v2","status":"publish","type":"product","link":"https:\/\/karavox.com\/en\/urun\/echoes-of-beams-v2\/","title":{"rendered":"Echoes of Beams V2"},"content":{"rendered":"<p>In this series, I sought to explore the sense of uncertainty evoked by beams of light diffused through a misty background. My focus was on how traditional associations of light\u2014such as &#8216;goodness&#8217; and &#8216;salvation&#8217;\u2014transform when the source is obscured, shrouded in ambiguity. I aimed to convey a mood where waves of uncertainty resonate in harmonious tones of reds and blues. This effect was achieved by hardening epoxy resin using a technique I developed, followed by layers of spray paint.<\/p>\n","protected":false},"excerpt":{"rendered":"<p>\u00d6zel Koleksiyon eserlerinden &#8221;Echoes of Beams&#8221; tablosu tek edisyonlu \u00e7al\u0131\u015fmalardand\u0131r. Tuvalin arkas\u0131nda Nihan Yapar Yal\u00e7\u0131n imzas\u0131 ve sertifikas\u0131 bulunur.<\/p>\n<p><a href=\"https:\/\/karavox.com\/en\/bize-ulasin\/\"> Bu \u00e7al\u0131\u015fmay\u0131 sat\u0131n almak i\u00e7in bize ula\u015f\u0131n <strong>bize ula\u015f\u0131n.<\/strong><\/a><\/p>\n","protected":false},"featured_media":10391,"comment_status":"open","ping_status":"closed","template":"","meta":[],"product_brand":[],"product_cat":[42],"product_tag":[],"class_list":{"0":"post-10395","1":"product","2":"type-product","3":"status-publish","4":"has-post-thumbnail","6":"product_cat-exclusive-artworks","8":"first","9":"onbackorder","10":"shipping-taxable","11":"product-type-simple"},"_links":{"self":[{"href":"https:\/\/karavox.com\/en\/wp-json\/wp\/v2\/product\/10395","targetHints":{"allow":["GET"]}}],"collection":[{"href":"https:\/\/karavox.com\/en\/wp-json\/wp\/v2\/product"}],"about":[{"href":"https:\/\/karavox.com\/en\/wp-json\/wp\/v2\/types\/product"}],"replies":[{"embeddable":true,"href":"https:\/\/karavox.com\/en\/wp-json\/wp\/v2\/comments?post=10395"}],"wp:featuredmedia":[{"embeddable":true,"href":"https:\/\/karavox.com\/en\/wp-json\/wp\/v2\/media\/10391"}],"wp:attachment":[{"href":"https:\/\/karavox.com\/en\/wp-json\/wp\/v2\/media?parent=10395"}],"wp:term":[{"taxonomy":"product_brand","embeddable":true,"href":"https:\/\/karavox.com\/en\/wp-json\/wp\/v2\/product_brand?post=10395"},{"taxonomy":"product_cat","embeddable":true,"href":"https:\/\/karavox.com\/en\/wp-json\/wp\/v2\/product_cat?post=10395"},{"taxonomy":"product_tag","embeddable":true,"href":"https:\/\/karavox.com\/en\/wp-json\/wp\/v2\/product_tag?post=10395"}],"curies":[{"name":"wp","href":"https:\/\/api.w.org\/{rel}","templated":true}]}}