{"id":9833,"date":"2024-02-12T15:32:35","date_gmt":"2024-02-12T12:32:35","guid":{"rendered":"https:\/\/karavox.com\/?post_type=product&#038;p=9833"},"modified":"2025-02-23T14:43:04","modified_gmt":"2025-02-23T11:43:04","slug":"tictactoe-%c2%b7-oyun-aparatlari","status":"publish","type":"product","link":"https:\/\/karavox.com\/en\/urun\/tictactoe-%c2%b7-oyun-aparatlari\/","title":{"rendered":"TicTacToe \u00b7 oyun aparatlar\u0131"},"content":{"rendered":"<p>Bu sayfadaki aparatlar TicTacToe serisinin oynanabilir olmas\u0131n\u0131 sa\u011flar. 13 adet \u00f6zel pleksi aparatlar\u0131 ister yap\u0131\u015fkan, ister \u00e7ivi ile duvar\u0131n\u0131za monte ederek, kazan\u0131lan her a\u00e7\u0131ya \u00e7ubu\u011fun yerle\u015febilmesini sa\u011flayabilirsiniz.<\/p>\n","protected":false},"excerpt":{"rendered":"<p><strong>\u0130\u00e7erik ve \u00f6l\u00e7\u00fcler:<\/strong><\/p>\n<ul>\n<li><strong>\u00c7ubuk<\/strong>: 170x3x2 cm &#8211; 1 adet<\/li>\n<li><strong>Pleksi aparat<\/strong>: 7x4x4 cm &#8211;\u00a013 adet<\/li>\n<\/ul>\n<p><strong>\u00d6nemli notlar:<\/strong><\/p>\n<ul>\n<li>Yap\u0131\u015fkanl\u0131 asma y\u00f6ntemini se\u00e7ti\u011finizde arkas\u0131na yerle\u015ftirece\u011fimiz yap\u0131\u015fkan geri s\u00f6kmek istedi\u011finizde\u00a0duvar\u0131n\u0131z\u0131n boyas\u0131n\u0131 kald\u0131rabilir. Bu nedenle pleksi aparatlar\u0131n\u00a0montaj\u0131n\u0131 tek seferde yapman\u0131z \u00f6nem ta\u015f\u0131r.<\/li>\n<li>Pleksi aparatlar\u0131\u00a0do\u011fru yerle\u015ftirebilmeniz i\u00e7in ikinci bir ki\u015finin \u00e7ubu\u011fu havada sabit tutmas\u0131 ve montaj\u0131 yapacak ki\u015finin \u00e7ubu\u011fun durdu\u011fu yere pleksiyi yerle\u015ftirerek montaj etmesi i\u015finizi kolayla\u015ft\u0131rabilir.<\/li>\n<li>Serinin duvarda oynanabilir olmas\u0131 i\u00e7in tablolar\u0131n yap\u0131\u015fkanl\u0131 de\u011fil \u00e7ivi ile as\u0131lmas\u0131 gerekir.<\/li>\n<li>Bu aparatlar\u0131 kullanabilmeniz i\u00e7in 9&#8217;lu serinin 6cm aral\u0131klarla as\u0131lmas\u0131 \u00f6nemlidir.<\/li>\n<\/ul>\n<p>Montaj ile ilgili sorular\u0131n\u0131z\u0131 mail adresimize y\u00f6nlendirebilirsiniz!<br \/>\ninfo@karavox.com<\/p>\n","protected":false},"featured_media":9834,"comment_status":"open","ping_status":"closed","template":"","meta":[],"product_brand":[],"product_cat":[33],"product_tag":[],"class_list":{"0":"post-9833","1":"product","2":"type-product","3":"status-publish","4":"has-post-thumbnail","6":"product_cat-sets","8":"first","9":"outofstock","10":"shipping-taxable","11":"purchasable","12":"product-type-simple"},"_links":{"self":[{"href":"https:\/\/karavox.com\/en\/wp-json\/wp\/v2\/product\/9833","targetHints":{"allow":["GET"]}}],"collection":[{"href":"https:\/\/karavox.com\/en\/wp-json\/wp\/v2\/product"}],"about":[{"href":"https:\/\/karavox.com\/en\/wp-json\/wp\/v2\/types\/product"}],"replies":[{"embeddable":true,"href":"https:\/\/karavox.com\/en\/wp-json\/wp\/v2\/comments?post=9833"}],"wp:featuredmedia":[{"embeddable":true,"href":"https:\/\/karavox.com\/en\/wp-json\/wp\/v2\/media\/9834"}],"wp:attachment":[{"href":"https:\/\/karavox.com\/en\/wp-json\/wp\/v2\/media?parent=9833"}],"wp:term":[{"taxonomy":"product_brand","embeddable":true,"href":"https:\/\/karavox.com\/en\/wp-json\/wp\/v2\/product_brand?post=9833"},{"taxonomy":"product_cat","embeddable":true,"href":"https:\/\/karavox.com\/en\/wp-json\/wp\/v2\/product_cat?post=9833"},{"taxonomy":"product_tag","embeddable":true,"href":"https:\/\/karavox.com\/en\/wp-json\/wp\/v2\/product_tag?post=9833"}],"curies":[{"name":"wp","href":"https:\/\/api.w.org\/{rel}","templated":true}]}}