{"id":9859,"date":"2024-02-12T17:23:09","date_gmt":"2024-02-12T14:23:09","guid":{"rendered":"https:\/\/karavox.com\/?post_type=product&#038;p=9859"},"modified":"2024-02-12T21:16:09","modified_gmt":"2024-02-12T18:16:09","slug":"a-sunset-in-serengeti","status":"publish","type":"product","link":"https:\/\/karavox.com\/en\/urun\/a-sunset-in-serengeti\/","title":{"rendered":"A Sunset in Serengeti"},"content":{"rendered":"","protected":false},"excerpt":{"rendered":"<p><img loading=\"lazy\" decoding=\"async\" class=\"alignnone size-medium wp-image-9874\" src=\"https:\/\/karavox.com\/en\/wp-content\/uploads\/2024\/02\/Adsiz_Resim-10-400x58.png\" alt=\"\" width=\"400\" height=\"58\" \/><\/p>\n<p>\u00d6zel Koleksiyon eserlerinden &#8221;A Sunset in Serengeti&#8221; tablo ikilisi tek edisyonlu \u00e7al\u0131\u015fmalardand\u0131r. Tuvalin arkas\u0131nda Nihan Yapar Yal\u00e7\u0131n imzas\u0131 ve sertifikas\u0131 bulunur.<\/p>\n<p><a href=\"https:\/\/karavox.com\/en\/bize-ulasin\/\">\u00d6zel sipari\u015fleriniz i\u00e7in bize ula\u015f\u0131n.<\/a><\/p>\n","protected":false},"featured_media":9860,"comment_status":"open","ping_status":"closed","template":"","meta":[],"product_brand":[],"product_cat":[42],"product_tag":[],"class_list":{"0":"post-9859","1":"product","2":"type-product","3":"status-publish","4":"has-post-thumbnail","6":"product_cat-exclusive-artworks","8":"first","9":"onbackorder","10":"shipping-taxable","11":"product-type-simple"},"_links":{"self":[{"href":"https:\/\/karavox.com\/en\/wp-json\/wp\/v2\/product\/9859","targetHints":{"allow":["GET"]}}],"collection":[{"href":"https:\/\/karavox.com\/en\/wp-json\/wp\/v2\/product"}],"about":[{"href":"https:\/\/karavox.com\/en\/wp-json\/wp\/v2\/types\/product"}],"replies":[{"embeddable":true,"href":"https:\/\/karavox.com\/en\/wp-json\/wp\/v2\/comments?post=9859"}],"wp:featuredmedia":[{"embeddable":true,"href":"https:\/\/karavox.com\/en\/wp-json\/wp\/v2\/media\/9860"}],"wp:attachment":[{"href":"https:\/\/karavox.com\/en\/wp-json\/wp\/v2\/media?parent=9859"}],"wp:term":[{"taxonomy":"product_brand","embeddable":true,"href":"https:\/\/karavox.com\/en\/wp-json\/wp\/v2\/product_brand?post=9859"},{"taxonomy":"product_cat","embeddable":true,"href":"https:\/\/karavox.com\/en\/wp-json\/wp\/v2\/product_cat?post=9859"},{"taxonomy":"product_tag","embeddable":true,"href":"https:\/\/karavox.com\/en\/wp-json\/wp\/v2\/product_tag?post=9859"}],"curies":[{"name":"wp","href":"https:\/\/api.w.org\/{rel}","templated":true}]}}