{"id":9974,"date":"2024-02-21T00:06:33","date_gmt":"2024-02-20T21:06:33","guid":{"rendered":"https:\/\/karavox.com\/?post_type=product&#038;p=9974"},"modified":"2024-02-21T00:13:16","modified_gmt":"2024-02-20T21:13:16","slug":"the-banana","status":"publish","type":"product","link":"https:\/\/karavox.com\/en\/urun\/the-banana\/","title":{"rendered":"The Banana"},"content":{"rendered":"<p>Benim g\u00f6rd\u00fc\u011f\u00fcm\u00fc siz de g\u00f6r\u00fcyor musunuz?<\/p>\n<p>As\u0131rlar\u0131n de\u011fi\u015ftirdi\u011fi teknoloji ve end\u00fcstri gibi sanat da de\u011fi\u015fiyor ve 21.yy\u2019da duvara bantlanan bir muz 120 bin dolara sat\u0131labiliyor.<span class=\"Apple-converted-space\">\u00a0<\/span><\/p>\n<p>Maurizio Cattelan\u2019\u0131n \u201cbunu ben de yapar\u0131m\u201dc\u0131lar\u0131 \u00e7\u0131ld\u0131rtan eseri 2019 y\u0131l\u0131nda t\u00fcm d\u00fcnyada tan\u0131n\u0131r hale gelmi\u015fti. 120 bin dolara sat\u0131\u015f\u0131n\u0131 yapt\u0131\u011f\u0131 eserin ak\u0131betini herkes heyecanla beklerken muz bir hafta i\u00e7inde duvarda \u00e7\u00fcr\u00fcy\u00fcp yok oldu. Tabi arada muzu al\u0131p yiyenler de \u00e7\u0131kt\u0131. Ama Cattelan\u2019\u0131n ortaya koydu\u011fu sanat asl\u0131nda muz ve banttan ibaret de\u011fildi -ki muz ba\u015fka bir sanat\u00e7\u0131 taraf\u0131ndan yendikten sonra galeri taraf\u0131ndan yenilendi- Cattelan yapt\u0131\u011f\u0131 sat\u0131\u015flarla, sertifikas\u0131 ile bir fikir satt\u0131. Bu sayede iki n\u00fcshas\u0131n\u0131 sat\u0131n alan Art Basel Galerisi manavdan muz, nalburdan gri bant alarak duvarlar\u0131na istedikleri zaman bu eseri yerle\u015ftirebilme hakk\u0131na sahip oldu.<span class=\"Apple-converted-space\">\u00a0<\/span><\/p>\n<p>Al\u0131\u015f\u0131lagelmi\u015fin d\u0131\u015f\u0131nda de\u011fil mi?<\/p>\n<p>Cattelan\u2019\u0131n yapt\u0131\u011f\u0131 bu \u00e7al\u0131\u015fman\u0131n ses getirmesi muzu bantlamas\u0131ndaki yetenek de\u011fil; bu kadar basit bir \u015feyin t\u00fcm d\u00fcnyada ses getirebilmesi ve evet, 270 bin dolara sat\u0131labiliyor olmas\u0131. Yapan\u0131n da alan\u0131n da<span class=\"Apple-converted-space\">\u00a0 <\/span>kimileri taraf\u0131ndan \u201captal\u201d addedildi\u011fi bu kavramsal sanat y\u00fczlerce eserin oldu\u011fu Miami Sanat Fuar\u0131n\u0131n en \u00e7ok konu\u015fulan i\u015fi haline geldiyse sizce bu i\u015fin sanat\u00e7\u0131s\u0131 ger\u00e7ekten aptal olabilir mi? Ya da sanat\u00e7\u0131n\u0131n eseri satt\u0131\u011f\u0131 rakam\u0131n ve g\u00f6rd\u00fc\u011f\u00fc ilginin kendisinden ba\u011f\u0131ms\u0131z bir rastlant\u0131 oldu\u011funu d\u00fc\u015f\u00fcnebilir miyiz ger\u00e7ekten? Cattelan\u2019\u0131n \u00f6nceki i\u015flerine bakarsak hay\u0131r, bunun tesad\u00fcfi olmad\u0131\u011f\u0131n\u0131 tahmin edebiliriz.<span class=\"Apple-converted-space\">\u00a0<\/span><\/p>\n<p>Ancak sosyal medya tutsakl\u0131\u011f\u0131 ile artan ilgi y\u00fczeyselli\u011fini olduk\u00e7a y\u00fczeysel bir \u015fekilde sunan, bir bak\u0131ma a\u015fa\u011f\u0131lay\u0131c\u0131 bir haraket olarak okuyabiliriz.<span class=\"Apple-converted-space\">\u00a0<\/span><\/p>\n<p>\u00c7\u00fcnk\u00fc yapt\u0131\u011f\u0131 \u015fey duvara muz bantlamak kadar basit bir haraket ile binlerce insan\u0131 muz ile selfie \u00e7ektirebilmek i\u00e7in saatler s\u00fcren s\u0131raya sokmakt\u0131. Dolay\u0131syla asl\u0131nda sanat\u00e7\u0131n\u0131n mesaj\u0131n\u0131 a\u015fa\u011f\u0131lad\u0131\u011f\u0131 kat\u0131l\u0131mc\u0131larla verebildi\u011fi bir haraketti. Evet, b\u00f6yle bakt\u0131\u011f\u0131m\u0131zda olduk\u00e7a \u00fcstenci.<span class=\"Apple-converted-space\">\u00a0<\/span><\/p>\n<p>Ancak bence \u201cComedian\u201din \u00fczerine yap\u0131lan tart\u0131\u015fmalar, \u201cmeme\u201dler, abs\u00fcrd versiyonlar\u0131, bunlar\u0131n hepsi, sanat\u0131n ne oldu\u011funa ve neler yapabildi\u011fine dair bir kocaman ve e\u011flenceli bir d\u00fc\u015f\u00fcnme alan\u0131 sunuyor bize. Muz ve bant gibi de\u011fersiz \u015feyler bir de\u011fer ve bir fikir haline gelebiliyor. Ve bu bence sanat\u0131n m\u00fckemmel bir \u00f6rne\u011fi.<span class=\"Apple-converted-space\">\u00a0<\/span><\/p>\n","protected":false},"excerpt":{"rendered":"<p><img loading=\"lazy\" decoding=\"async\" class=\"alignnone size-medium wp-image-9874\" src=\"https:\/\/karavox.com\/en\/wp-content\/uploads\/2024\/02\/Adsiz_Resim-10-400x58.png\" alt=\"\" width=\"400\" height=\"58\" \/><\/p>\n<p>\u00d6zel Koleksiyon eserlerinden &#8221;The Banana&#8221; tablosu tek edisyonlu \u00e7al\u0131\u015fmalardand\u0131r. Tuvalin arkas\u0131nda Nihan Yapar Yal\u00e7\u0131n imzas\u0131 ve sertifikas\u0131 bulunur.<\/p>\n<p><a href=\"https:\/\/karavox.com\/en\/bize-ulasin\/\">\u00d6zel sipari\u015fleriniz i\u00e7in bize ula\u015f\u0131n.<\/a><\/p>\n","protected":false},"featured_media":9977,"comment_status":"open","ping_status":"closed","template":"","meta":[],"product_brand":[],"product_cat":[42],"product_tag":[],"class_list":{"0":"post-9974","1":"product","2":"type-product","3":"status-publish","4":"has-post-thumbnail","6":"product_cat-exclusive-artworks","8":"first","9":"onbackorder","10":"shipping-taxable","11":"product-type-simple"},"_links":{"self":[{"href":"https:\/\/karavox.com\/en\/wp-json\/wp\/v2\/product\/9974","targetHints":{"allow":["GET"]}}],"collection":[{"href":"https:\/\/karavox.com\/en\/wp-json\/wp\/v2\/product"}],"about":[{"href":"https:\/\/karavox.com\/en\/wp-json\/wp\/v2\/types\/product"}],"replies":[{"embeddable":true,"href":"https:\/\/karavox.com\/en\/wp-json\/wp\/v2\/comments?post=9974"}],"wp:featuredmedia":[{"embeddable":true,"href":"https:\/\/karavox.com\/en\/wp-json\/wp\/v2\/media\/9977"}],"wp:attachment":[{"href":"https:\/\/karavox.com\/en\/wp-json\/wp\/v2\/media?parent=9974"}],"wp:term":[{"taxonomy":"product_brand","embeddable":true,"href":"https:\/\/karavox.com\/en\/wp-json\/wp\/v2\/product_brand?post=9974"},{"taxonomy":"product_cat","embeddable":true,"href":"https:\/\/karavox.com\/en\/wp-json\/wp\/v2\/product_cat?post=9974"},{"taxonomy":"product_tag","embeddable":true,"href":"https:\/\/karavox.com\/en\/wp-json\/wp\/v2\/product_tag?post=9974"}],"curies":[{"name":"wp","href":"https:\/\/api.w.org\/{rel}","templated":true}]}}